{"id":49716,"date":"2024-08-27T12:08:09","date_gmt":"2024-08-27T10:08:09","guid":{"rendered":"https:\/\/www.ktjaeger.de\/produkt\/smartdock-base-two-ports\/"},"modified":"2024-08-27T12:08:09","modified_gmt":"2024-08-27T10:08:09","slug":"smartdock-base-two-ports","status":"publish","type":"product","link":"https:\/\/www.ktjaeger.de\/en\/produkt\/smartdock-base-two-ports\/","title":{"rendered":"SmartDock Base &#8211; two ports"},"content":{"rendered":"<p>Base with two ports to host the inserts<\/p>\n","protected":false},"excerpt":{"rendered":"<p>Base with two ports to host the inserts<\/p>\n","protected":false},"featured_media":49444,"comment_status":"closed","ping_status":"closed","template":"","meta":{"_acf_changed":false,"_et_pb_use_builder":"","_et_pb_old_content":"","_et_gb_content_width":""},"product_brand":[],"product_cat":[86,88],"product_tag":[],"class_list":{"0":"post-49716","1":"product","2":"type-product","3":"status-publish","4":"has-post-thumbnail","6":"product_cat-ktj-smartdock-en","7":"product_cat-smartdock-base-en","9":"first","10":"instock","11":"shipping-taxable","12":"product-type-simple"},"acf":[],"yoast_head":"<!-- This site is optimized with the Yoast SEO plugin v27.3 - https:\/\/yoast.com\/product\/yoast-seo-wordpress\/ -->\n<title>SmartDock Base - two ports | Kunststofftechnik J\u00e4ger GmbH<\/title>\n<meta name=\"robots\" content=\"index, follow, max-snippet:-1, max-image-preview:large, max-video-preview:-1\" \/>\n<link rel=\"canonical\" href=\"https:\/\/www.ktjaeger.de\/en\/produkt\/smartdock-base-two-ports\/\" \/>\n<meta property=\"og:locale\" content=\"en_US\" \/>\n<meta property=\"og:type\" content=\"article\" \/>\n<meta property=\"og:title\" content=\"SmartDock Base - two ports | Kunststofftechnik J\u00e4ger GmbH\" \/>\n<meta property=\"og:description\" content=\"Base with two ports to host the inserts\" \/>\n<meta property=\"og:url\" content=\"https:\/\/www.ktjaeger.de\/en\/produkt\/smartdock-base-two-ports\/\" \/>\n<meta property=\"og:site_name\" content=\"Kunststofftechnik J\u00e4ger GmbH\" \/>\n<meta property=\"og:image\" content=\"https:\/\/www.ktjaeger.de\/wp-content\/uploads\/2024\/08\/43020002-SmartDock-Base-2-1.jpg\" \/>\n\t<meta property=\"og:image:width\" content=\"873\" \/>\n\t<meta property=\"og:image:height\" content=\"752\" \/>\n\t<meta property=\"og:image:type\" content=\"image\/jpeg\" \/>\n<meta name=\"twitter:card\" content=\"summary_large_image\" \/>\n<script type=\"application\/ld+json\" class=\"yoast-schema-graph\">{\"@context\":\"https:\\\/\\\/schema.org\",\"@graph\":[{\"@type\":\"WebPage\",\"@id\":\"https:\\\/\\\/www.ktjaeger.de\\\/en\\\/produkt\\\/smartdock-base-two-ports\\\/\",\"url\":\"https:\\\/\\\/www.ktjaeger.de\\\/en\\\/produkt\\\/smartdock-base-two-ports\\\/\",\"name\":\"SmartDock Base - two ports | Kunststofftechnik J\u00e4ger GmbH\",\"isPartOf\":{\"@id\":\"https:\\\/\\\/www.ktjaeger.de\\\/#website\"},\"primaryImageOfPage\":{\"@id\":\"https:\\\/\\\/www.ktjaeger.de\\\/en\\\/produkt\\\/smartdock-base-two-ports\\\/#primaryimage\"},\"image\":{\"@id\":\"https:\\\/\\\/www.ktjaeger.de\\\/en\\\/produkt\\\/smartdock-base-two-ports\\\/#primaryimage\"},\"thumbnailUrl\":\"https:\\\/\\\/www.ktjaeger.de\\\/wp-content\\\/uploads\\\/2024\\\/08\\\/43020002-SmartDock-Base-2-1.jpg\",\"datePublished\":\"2024-08-27T10:08:09+00:00\",\"breadcrumb\":{\"@id\":\"https:\\\/\\\/www.ktjaeger.de\\\/en\\\/produkt\\\/smartdock-base-two-ports\\\/#breadcrumb\"},\"inLanguage\":\"en-US\",\"potentialAction\":[{\"@type\":\"ReadAction\",\"target\":[\"https:\\\/\\\/www.ktjaeger.de\\\/en\\\/produkt\\\/smartdock-base-two-ports\\\/\"]}]},{\"@type\":\"ImageObject\",\"inLanguage\":\"en-US\",\"@id\":\"https:\\\/\\\/www.ktjaeger.de\\\/en\\\/produkt\\\/smartdock-base-two-ports\\\/#primaryimage\",\"url\":\"https:\\\/\\\/www.ktjaeger.de\\\/wp-content\\\/uploads\\\/2024\\\/08\\\/43020002-SmartDock-Base-2-1.jpg\",\"contentUrl\":\"https:\\\/\\\/www.ktjaeger.de\\\/wp-content\\\/uploads\\\/2024\\\/08\\\/43020002-SmartDock-Base-2-1.jpg\",\"width\":873,\"height\":752},{\"@type\":\"BreadcrumbList\",\"@id\":\"https:\\\/\\\/www.ktjaeger.de\\\/en\\\/produkt\\\/smartdock-base-two-ports\\\/#breadcrumb\",\"itemListElement\":[{\"@type\":\"ListItem\",\"position\":1,\"name\":\"Home\",\"item\":\"https:\\\/\\\/www.ktjaeger.de\\\/en\\\/\"},{\"@type\":\"ListItem\",\"position\":2,\"name\":\"Products\",\"item\":\"https:\\\/\\\/www.ktjaeger.de\\\/en\\\/products\\\/\"},{\"@type\":\"ListItem\",\"position\":3,\"name\":\"SmartDock Base &#8211; two ports\"}]},{\"@type\":\"WebSite\",\"@id\":\"https:\\\/\\\/www.ktjaeger.de\\\/#website\",\"url\":\"https:\\\/\\\/www.ktjaeger.de\\\/\",\"name\":\"Kunststofftechnik J\u00e4ger GmbH\",\"description\":\"Hochpr\u00e4zise Entnahmesysteme und Zubeh\u00f6r\",\"publisher\":{\"@id\":\"https:\\\/\\\/www.ktjaeger.de\\\/#organization\"},\"alternateName\":\"KTJ\",\"potentialAction\":[{\"@type\":\"SearchAction\",\"target\":{\"@type\":\"EntryPoint\",\"urlTemplate\":\"https:\\\/\\\/www.ktjaeger.de\\\/?s={search_term_string}\"},\"query-input\":{\"@type\":\"PropertyValueSpecification\",\"valueRequired\":true,\"valueName\":\"search_term_string\"}}],\"inLanguage\":\"en-US\"},{\"@type\":\"Organization\",\"@id\":\"https:\\\/\\\/www.ktjaeger.de\\\/#organization\",\"name\":\"Kunststofftechnik J\u00e4ger GmbH\",\"alternateName\":\"KTJ\",\"url\":\"https:\\\/\\\/www.ktjaeger.de\\\/\",\"logo\":{\"@type\":\"ImageObject\",\"inLanguage\":\"en-US\",\"@id\":\"https:\\\/\\\/www.ktjaeger.de\\\/#\\\/schema\\\/logo\\\/image\\\/\",\"url\":\"https:\\\/\\\/www.ktjaeger.de\\\/wp-content\\\/uploads\\\/2023\\\/05\\\/favicon.png\",\"contentUrl\":\"https:\\\/\\\/www.ktjaeger.de\\\/wp-content\\\/uploads\\\/2023\\\/05\\\/favicon.png\",\"width\":512,\"height\":512,\"caption\":\"Kunststofftechnik J\u00e4ger GmbH\"},\"image\":{\"@id\":\"https:\\\/\\\/www.ktjaeger.de\\\/#\\\/schema\\\/logo\\\/image\\\/\"},\"sameAs\":[\"https:\\\/\\\/www.linkedin.com\\\/company\\\/kunststofftechnik-j\u00e4ger-gmbh\\\/\"]}]}<\/script>\n<!-- \/ Yoast SEO plugin. -->","yoast_head_json":{"title":"SmartDock Base - two ports | Kunststofftechnik J\u00e4ger GmbH","robots":{"index":"index","follow":"follow","max-snippet":"max-snippet:-1","max-image-preview":"max-image-preview:large","max-video-preview":"max-video-preview:-1"},"canonical":"https:\/\/www.ktjaeger.de\/en\/produkt\/smartdock-base-two-ports\/","og_locale":"en_US","og_type":"article","og_title":"SmartDock Base - two ports | Kunststofftechnik J\u00e4ger GmbH","og_description":"Base with two ports to host the inserts","og_url":"https:\/\/www.ktjaeger.de\/en\/produkt\/smartdock-base-two-ports\/","og_site_name":"Kunststofftechnik J\u00e4ger GmbH","og_image":[{"width":873,"height":752,"url":"https:\/\/www.ktjaeger.de\/wp-content\/uploads\/2024\/08\/43020002-SmartDock-Base-2-1.jpg","type":"image\/jpeg"}],"twitter_card":"summary_large_image","schema":{"@context":"https:\/\/schema.org","@graph":[{"@type":"WebPage","@id":"https:\/\/www.ktjaeger.de\/en\/produkt\/smartdock-base-two-ports\/","url":"https:\/\/www.ktjaeger.de\/en\/produkt\/smartdock-base-two-ports\/","name":"SmartDock Base - two ports | Kunststofftechnik J\u00e4ger GmbH","isPartOf":{"@id":"https:\/\/www.ktjaeger.de\/#website"},"primaryImageOfPage":{"@id":"https:\/\/www.ktjaeger.de\/en\/produkt\/smartdock-base-two-ports\/#primaryimage"},"image":{"@id":"https:\/\/www.ktjaeger.de\/en\/produkt\/smartdock-base-two-ports\/#primaryimage"},"thumbnailUrl":"https:\/\/www.ktjaeger.de\/wp-content\/uploads\/2024\/08\/43020002-SmartDock-Base-2-1.jpg","datePublished":"2024-08-27T10:08:09+00:00","breadcrumb":{"@id":"https:\/\/www.ktjaeger.de\/en\/produkt\/smartdock-base-two-ports\/#breadcrumb"},"inLanguage":"en-US","potentialAction":[{"@type":"ReadAction","target":["https:\/\/www.ktjaeger.de\/en\/produkt\/smartdock-base-two-ports\/"]}]},{"@type":"ImageObject","inLanguage":"en-US","@id":"https:\/\/www.ktjaeger.de\/en\/produkt\/smartdock-base-two-ports\/#primaryimage","url":"https:\/\/www.ktjaeger.de\/wp-content\/uploads\/2024\/08\/43020002-SmartDock-Base-2-1.jpg","contentUrl":"https:\/\/www.ktjaeger.de\/wp-content\/uploads\/2024\/08\/43020002-SmartDock-Base-2-1.jpg","width":873,"height":752},{"@type":"BreadcrumbList","@id":"https:\/\/www.ktjaeger.de\/en\/produkt\/smartdock-base-two-ports\/#breadcrumb","itemListElement":[{"@type":"ListItem","position":1,"name":"Home","item":"https:\/\/www.ktjaeger.de\/en\/"},{"@type":"ListItem","position":2,"name":"Products","item":"https:\/\/www.ktjaeger.de\/en\/products\/"},{"@type":"ListItem","position":3,"name":"SmartDock Base &#8211; two ports"}]},{"@type":"WebSite","@id":"https:\/\/www.ktjaeger.de\/#website","url":"https:\/\/www.ktjaeger.de\/","name":"Kunststofftechnik J\u00e4ger GmbH","description":"Hochpr\u00e4zise Entnahmesysteme und Zubeh\u00f6r","publisher":{"@id":"https:\/\/www.ktjaeger.de\/#organization"},"alternateName":"KTJ","potentialAction":[{"@type":"SearchAction","target":{"@type":"EntryPoint","urlTemplate":"https:\/\/www.ktjaeger.de\/?s={search_term_string}"},"query-input":{"@type":"PropertyValueSpecification","valueRequired":true,"valueName":"search_term_string"}}],"inLanguage":"en-US"},{"@type":"Organization","@id":"https:\/\/www.ktjaeger.de\/#organization","name":"Kunststofftechnik J\u00e4ger GmbH","alternateName":"KTJ","url":"https:\/\/www.ktjaeger.de\/","logo":{"@type":"ImageObject","inLanguage":"en-US","@id":"https:\/\/www.ktjaeger.de\/#\/schema\/logo\/image\/","url":"https:\/\/www.ktjaeger.de\/wp-content\/uploads\/2023\/05\/favicon.png","contentUrl":"https:\/\/www.ktjaeger.de\/wp-content\/uploads\/2023\/05\/favicon.png","width":512,"height":512,"caption":"Kunststofftechnik J\u00e4ger GmbH"},"image":{"@id":"https:\/\/www.ktjaeger.de\/#\/schema\/logo\/image\/"},"sameAs":["https:\/\/www.linkedin.com\/company\/kunststofftechnik-j\u00e4ger-gmbh\/"]}]}},"_links":{"self":[{"href":"https:\/\/www.ktjaeger.de\/en\/wp-json\/wp\/v2\/product\/49716","targetHints":{"allow":["GET"]}}],"collection":[{"href":"https:\/\/www.ktjaeger.de\/en\/wp-json\/wp\/v2\/product"}],"about":[{"href":"https:\/\/www.ktjaeger.de\/en\/wp-json\/wp\/v2\/types\/product"}],"replies":[{"embeddable":true,"href":"https:\/\/www.ktjaeger.de\/en\/wp-json\/wp\/v2\/comments?post=49716"}],"wp:featuredmedia":[{"embeddable":true,"href":"https:\/\/www.ktjaeger.de\/en\/wp-json\/wp\/v2\/media\/49444"}],"wp:attachment":[{"href":"https:\/\/www.ktjaeger.de\/en\/wp-json\/wp\/v2\/media?parent=49716"}],"wp:term":[{"taxonomy":"product_brand","embeddable":true,"href":"https:\/\/www.ktjaeger.de\/en\/wp-json\/wp\/v2\/product_brand?post=49716"},{"taxonomy":"product_cat","embeddable":true,"href":"https:\/\/www.ktjaeger.de\/en\/wp-json\/wp\/v2\/product_cat?post=49716"},{"taxonomy":"product_tag","embeddable":true,"href":"https:\/\/www.ktjaeger.de\/en\/wp-json\/wp\/v2\/product_tag?post=49716"}],"curies":[{"name":"wp","href":"https:\/\/api.w.org\/{rel}","templated":true}]}}