{"id":49425,"date":"2024-02-15T15:46:48","date_gmt":"2024-02-15T14:46:48","guid":{"rendered":"https:\/\/www.ktjaeger.de\/produkt\/quickconnect2-entnahmekoepfe-copy\/"},"modified":"2024-08-27T12:30:13","modified_gmt":"2024-08-27T10:30:13","slug":"quickconnect2-entnahmekoepfe-copy","status":"publish","type":"product","link":"https:\/\/www.ktjaeger.de\/en\/produkt\/quickconnect2-entnahmekoepfe-copy\/","title":{"rendered":"Quick Connect 2 Dispense Head HighFlow"},"content":{"rendered":"<p>The Quick Connect extraction heads for the Quick Connect 2 HighFlow System provide an easily detachable, secure, and contamination-free connection between mobile chemical containers and the stationary chemical supply. The HighFlow series heads are designed for large fluid flow rates and are compatible exclusively with the dip tubes of this series.  The head is provided with a coding disc that must match the coding of the Quick Connect dip tube to enable a connection. A plastic check valve is integrated, which effectively prevents liquid from flowing back.<\/p>\n","protected":false},"excerpt":{"rendered":"<ul>\n<li>Vertical or horizontal version<\/li>\n<li>For filling, extraction, or with ball valve.<\/li>\n<li>Available in PE, PVDF, CD, and PFA.<\/li>\n<\/ul>\n","protected":false},"featured_media":49033,"comment_status":"closed","ping_status":"closed","template":"","meta":{"_acf_changed":false,"_et_pb_use_builder":"","_et_pb_old_content":"","_et_gb_content_width":""},"product_brand":[],"product_cat":[79],"product_tag":[],"class_list":{"0":"post-49425","1":"product","2":"type-product","3":"status-publish","4":"has-post-thumbnail","6":"product_cat-quick-connect-2highflow-en","8":"first","9":"instock","10":"shipping-taxable","11":"product-type-simple"},"acf":[],"yoast_head":"<!-- This site is optimized with the Yoast SEO plugin v27.3 - https:\/\/yoast.com\/product\/yoast-seo-wordpress\/ -->\n<title>Quick Connect 2 Dispense Head HighFlow | Kunststofftechnik J\u00e4ger GmbH<\/title>\n<meta name=\"robots\" content=\"index, follow, max-snippet:-1, max-image-preview:large, max-video-preview:-1\" \/>\n<link rel=\"canonical\" href=\"https:\/\/www.ktjaeger.de\/en\/produkt\/quickconnect2-entnahmekoepfe-copy\/\" \/>\n<meta property=\"og:locale\" content=\"en_US\" \/>\n<meta property=\"og:type\" content=\"article\" \/>\n<meta property=\"og:title\" content=\"Quick Connect 2 Dispense Head HighFlow | Kunststofftechnik J\u00e4ger GmbH\" \/>\n<meta property=\"og:description\" content=\"Vertical or horizontal version  For filling, extraction, or with ball valve.  Available in PE, PVDF, CD, and PFA.\" \/>\n<meta property=\"og:url\" content=\"https:\/\/www.ktjaeger.de\/en\/produkt\/quickconnect2-entnahmekoepfe-copy\/\" \/>\n<meta property=\"og:site_name\" content=\"Kunststofftechnik J\u00e4ger GmbH\" \/>\n<meta property=\"article:modified_time\" content=\"2024-08-27T10:30:13+00:00\" \/>\n<meta property=\"og:image\" content=\"https:\/\/www.ktjaeger.de\/wp-content\/uploads\/2024\/02\/42022100-Entnahmekopf-G-Serie-3.0-3-4-1-2c.jpg\" \/>\n\t<meta property=\"og:image:width\" content=\"1181\" \/>\n\t<meta property=\"og:image:height\" content=\"671\" \/>\n\t<meta property=\"og:image:type\" content=\"image\/jpeg\" \/>\n<meta name=\"twitter:card\" content=\"summary_large_image\" \/>\n<meta name=\"twitter:label1\" content=\"Est. reading time\" \/>\n\t<meta name=\"twitter:data1\" content=\"1 minute\" \/>\n<script type=\"application\/ld+json\" class=\"yoast-schema-graph\">{\"@context\":\"https:\\\/\\\/schema.org\",\"@graph\":[{\"@type\":\"WebPage\",\"@id\":\"https:\\\/\\\/www.ktjaeger.de\\\/en\\\/produkt\\\/quickconnect2-entnahmekoepfe-copy\\\/\",\"url\":\"https:\\\/\\\/www.ktjaeger.de\\\/en\\\/produkt\\\/quickconnect2-entnahmekoepfe-copy\\\/\",\"name\":\"Quick Connect 2 Dispense Head HighFlow | Kunststofftechnik J\u00e4ger GmbH\",\"isPartOf\":{\"@id\":\"https:\\\/\\\/www.ktjaeger.de\\\/#website\"},\"primaryImageOfPage\":{\"@id\":\"https:\\\/\\\/www.ktjaeger.de\\\/en\\\/produkt\\\/quickconnect2-entnahmekoepfe-copy\\\/#primaryimage\"},\"image\":{\"@id\":\"https:\\\/\\\/www.ktjaeger.de\\\/en\\\/produkt\\\/quickconnect2-entnahmekoepfe-copy\\\/#primaryimage\"},\"thumbnailUrl\":\"https:\\\/\\\/www.ktjaeger.de\\\/wp-content\\\/uploads\\\/2024\\\/02\\\/42022100-Entnahmekopf-G-Serie-3.0-3-4-1-2c.jpg\",\"datePublished\":\"2024-02-15T14:46:48+00:00\",\"dateModified\":\"2024-08-27T10:30:13+00:00\",\"breadcrumb\":{\"@id\":\"https:\\\/\\\/www.ktjaeger.de\\\/en\\\/produkt\\\/quickconnect2-entnahmekoepfe-copy\\\/#breadcrumb\"},\"inLanguage\":\"en-US\",\"potentialAction\":[{\"@type\":\"ReadAction\",\"target\":[\"https:\\\/\\\/www.ktjaeger.de\\\/en\\\/produkt\\\/quickconnect2-entnahmekoepfe-copy\\\/\"]}]},{\"@type\":\"ImageObject\",\"inLanguage\":\"en-US\",\"@id\":\"https:\\\/\\\/www.ktjaeger.de\\\/en\\\/produkt\\\/quickconnect2-entnahmekoepfe-copy\\\/#primaryimage\",\"url\":\"https:\\\/\\\/www.ktjaeger.de\\\/wp-content\\\/uploads\\\/2024\\\/02\\\/42022100-Entnahmekopf-G-Serie-3.0-3-4-1-2c.jpg\",\"contentUrl\":\"https:\\\/\\\/www.ktjaeger.de\\\/wp-content\\\/uploads\\\/2024\\\/02\\\/42022100-Entnahmekopf-G-Serie-3.0-3-4-1-2c.jpg\",\"width\":1181,\"height\":671,\"caption\":\"Quick Connect 2 HighFlow with vertical Fluid Connector 1\\\" Flare and vertical ventilation 1\\\/2\\\" Flare\"},{\"@type\":\"BreadcrumbList\",\"@id\":\"https:\\\/\\\/www.ktjaeger.de\\\/en\\\/produkt\\\/quickconnect2-entnahmekoepfe-copy\\\/#breadcrumb\",\"itemListElement\":[{\"@type\":\"ListItem\",\"position\":1,\"name\":\"Home\",\"item\":\"https:\\\/\\\/www.ktjaeger.de\\\/en\\\/\"},{\"@type\":\"ListItem\",\"position\":2,\"name\":\"Products\",\"item\":\"https:\\\/\\\/www.ktjaeger.de\\\/en\\\/products\\\/\"},{\"@type\":\"ListItem\",\"position\":3,\"name\":\"Quick Connect 2 HighFlow\",\"item\":\"https:\\\/\\\/www.ktjaeger.de\\\/produkt-kategorie\\\/quick-connect-2highflow\\\/\"},{\"@type\":\"ListItem\",\"position\":4,\"name\":\"Quick Connect 2 Dispense Head HighFlow\"}]},{\"@type\":\"WebSite\",\"@id\":\"https:\\\/\\\/www.ktjaeger.de\\\/#website\",\"url\":\"https:\\\/\\\/www.ktjaeger.de\\\/\",\"name\":\"Kunststofftechnik J\u00e4ger GmbH\",\"description\":\"Hochpr\u00e4zise Entnahmesysteme und Zubeh\u00f6r\",\"publisher\":{\"@id\":\"https:\\\/\\\/www.ktjaeger.de\\\/#organization\"},\"alternateName\":\"KTJ\",\"potentialAction\":[{\"@type\":\"SearchAction\",\"target\":{\"@type\":\"EntryPoint\",\"urlTemplate\":\"https:\\\/\\\/www.ktjaeger.de\\\/?s={search_term_string}\"},\"query-input\":{\"@type\":\"PropertyValueSpecification\",\"valueRequired\":true,\"valueName\":\"search_term_string\"}}],\"inLanguage\":\"en-US\"},{\"@type\":\"Organization\",\"@id\":\"https:\\\/\\\/www.ktjaeger.de\\\/#organization\",\"name\":\"Kunststofftechnik J\u00e4ger GmbH\",\"alternateName\":\"KTJ\",\"url\":\"https:\\\/\\\/www.ktjaeger.de\\\/\",\"logo\":{\"@type\":\"ImageObject\",\"inLanguage\":\"en-US\",\"@id\":\"https:\\\/\\\/www.ktjaeger.de\\\/#\\\/schema\\\/logo\\\/image\\\/\",\"url\":\"https:\\\/\\\/www.ktjaeger.de\\\/wp-content\\\/uploads\\\/2023\\\/05\\\/favicon.png\",\"contentUrl\":\"https:\\\/\\\/www.ktjaeger.de\\\/wp-content\\\/uploads\\\/2023\\\/05\\\/favicon.png\",\"width\":512,\"height\":512,\"caption\":\"Kunststofftechnik J\u00e4ger GmbH\"},\"image\":{\"@id\":\"https:\\\/\\\/www.ktjaeger.de\\\/#\\\/schema\\\/logo\\\/image\\\/\"},\"sameAs\":[\"https:\\\/\\\/www.linkedin.com\\\/company\\\/kunststofftechnik-j\u00e4ger-gmbh\\\/\"]}]}<\/script>\n<!-- \/ Yoast SEO plugin. -->","yoast_head_json":{"title":"Quick Connect 2 Dispense Head HighFlow | Kunststofftechnik J\u00e4ger GmbH","robots":{"index":"index","follow":"follow","max-snippet":"max-snippet:-1","max-image-preview":"max-image-preview:large","max-video-preview":"max-video-preview:-1"},"canonical":"https:\/\/www.ktjaeger.de\/en\/produkt\/quickconnect2-entnahmekoepfe-copy\/","og_locale":"en_US","og_type":"article","og_title":"Quick Connect 2 Dispense Head HighFlow | Kunststofftechnik J\u00e4ger GmbH","og_description":"Vertical or horizontal version  For filling, extraction, or with ball valve.  Available in PE, PVDF, CD, and PFA.","og_url":"https:\/\/www.ktjaeger.de\/en\/produkt\/quickconnect2-entnahmekoepfe-copy\/","og_site_name":"Kunststofftechnik J\u00e4ger GmbH","article_modified_time":"2024-08-27T10:30:13+00:00","og_image":[{"width":1181,"height":671,"url":"https:\/\/www.ktjaeger.de\/wp-content\/uploads\/2024\/02\/42022100-Entnahmekopf-G-Serie-3.0-3-4-1-2c.jpg","type":"image\/jpeg"}],"twitter_card":"summary_large_image","twitter_misc":{"Est. reading time":"1 minute"},"schema":{"@context":"https:\/\/schema.org","@graph":[{"@type":"WebPage","@id":"https:\/\/www.ktjaeger.de\/en\/produkt\/quickconnect2-entnahmekoepfe-copy\/","url":"https:\/\/www.ktjaeger.de\/en\/produkt\/quickconnect2-entnahmekoepfe-copy\/","name":"Quick Connect 2 Dispense Head HighFlow | Kunststofftechnik J\u00e4ger GmbH","isPartOf":{"@id":"https:\/\/www.ktjaeger.de\/#website"},"primaryImageOfPage":{"@id":"https:\/\/www.ktjaeger.de\/en\/produkt\/quickconnect2-entnahmekoepfe-copy\/#primaryimage"},"image":{"@id":"https:\/\/www.ktjaeger.de\/en\/produkt\/quickconnect2-entnahmekoepfe-copy\/#primaryimage"},"thumbnailUrl":"https:\/\/www.ktjaeger.de\/wp-content\/uploads\/2024\/02\/42022100-Entnahmekopf-G-Serie-3.0-3-4-1-2c.jpg","datePublished":"2024-02-15T14:46:48+00:00","dateModified":"2024-08-27T10:30:13+00:00","breadcrumb":{"@id":"https:\/\/www.ktjaeger.de\/en\/produkt\/quickconnect2-entnahmekoepfe-copy\/#breadcrumb"},"inLanguage":"en-US","potentialAction":[{"@type":"ReadAction","target":["https:\/\/www.ktjaeger.de\/en\/produkt\/quickconnect2-entnahmekoepfe-copy\/"]}]},{"@type":"ImageObject","inLanguage":"en-US","@id":"https:\/\/www.ktjaeger.de\/en\/produkt\/quickconnect2-entnahmekoepfe-copy\/#primaryimage","url":"https:\/\/www.ktjaeger.de\/wp-content\/uploads\/2024\/02\/42022100-Entnahmekopf-G-Serie-3.0-3-4-1-2c.jpg","contentUrl":"https:\/\/www.ktjaeger.de\/wp-content\/uploads\/2024\/02\/42022100-Entnahmekopf-G-Serie-3.0-3-4-1-2c.jpg","width":1181,"height":671,"caption":"Quick Connect 2 HighFlow with vertical Fluid Connector 1\" Flare and vertical ventilation 1\/2\" Flare"},{"@type":"BreadcrumbList","@id":"https:\/\/www.ktjaeger.de\/en\/produkt\/quickconnect2-entnahmekoepfe-copy\/#breadcrumb","itemListElement":[{"@type":"ListItem","position":1,"name":"Home","item":"https:\/\/www.ktjaeger.de\/en\/"},{"@type":"ListItem","position":2,"name":"Products","item":"https:\/\/www.ktjaeger.de\/en\/products\/"},{"@type":"ListItem","position":3,"name":"Quick Connect 2 HighFlow","item":"https:\/\/www.ktjaeger.de\/produkt-kategorie\/quick-connect-2highflow\/"},{"@type":"ListItem","position":4,"name":"Quick Connect 2 Dispense Head HighFlow"}]},{"@type":"WebSite","@id":"https:\/\/www.ktjaeger.de\/#website","url":"https:\/\/www.ktjaeger.de\/","name":"Kunststofftechnik J\u00e4ger GmbH","description":"Hochpr\u00e4zise Entnahmesysteme und Zubeh\u00f6r","publisher":{"@id":"https:\/\/www.ktjaeger.de\/#organization"},"alternateName":"KTJ","potentialAction":[{"@type":"SearchAction","target":{"@type":"EntryPoint","urlTemplate":"https:\/\/www.ktjaeger.de\/?s={search_term_string}"},"query-input":{"@type":"PropertyValueSpecification","valueRequired":true,"valueName":"search_term_string"}}],"inLanguage":"en-US"},{"@type":"Organization","@id":"https:\/\/www.ktjaeger.de\/#organization","name":"Kunststofftechnik J\u00e4ger GmbH","alternateName":"KTJ","url":"https:\/\/www.ktjaeger.de\/","logo":{"@type":"ImageObject","inLanguage":"en-US","@id":"https:\/\/www.ktjaeger.de\/#\/schema\/logo\/image\/","url":"https:\/\/www.ktjaeger.de\/wp-content\/uploads\/2023\/05\/favicon.png","contentUrl":"https:\/\/www.ktjaeger.de\/wp-content\/uploads\/2023\/05\/favicon.png","width":512,"height":512,"caption":"Kunststofftechnik J\u00e4ger GmbH"},"image":{"@id":"https:\/\/www.ktjaeger.de\/#\/schema\/logo\/image\/"},"sameAs":["https:\/\/www.linkedin.com\/company\/kunststofftechnik-j\u00e4ger-gmbh\/"]}]}},"_links":{"self":[{"href":"https:\/\/www.ktjaeger.de\/en\/wp-json\/wp\/v2\/product\/49425","targetHints":{"allow":["GET"]}}],"collection":[{"href":"https:\/\/www.ktjaeger.de\/en\/wp-json\/wp\/v2\/product"}],"about":[{"href":"https:\/\/www.ktjaeger.de\/en\/wp-json\/wp\/v2\/types\/product"}],"replies":[{"embeddable":true,"href":"https:\/\/www.ktjaeger.de\/en\/wp-json\/wp\/v2\/comments?post=49425"}],"wp:featuredmedia":[{"embeddable":true,"href":"https:\/\/www.ktjaeger.de\/en\/wp-json\/wp\/v2\/media\/49033"}],"wp:attachment":[{"href":"https:\/\/www.ktjaeger.de\/en\/wp-json\/wp\/v2\/media?parent=49425"}],"wp:term":[{"taxonomy":"product_brand","embeddable":true,"href":"https:\/\/www.ktjaeger.de\/en\/wp-json\/wp\/v2\/product_brand?post=49425"},{"taxonomy":"product_cat","embeddable":true,"href":"https:\/\/www.ktjaeger.de\/en\/wp-json\/wp\/v2\/product_cat?post=49425"},{"taxonomy":"product_tag","embeddable":true,"href":"https:\/\/www.ktjaeger.de\/en\/wp-json\/wp\/v2\/product_tag?post=49425"}],"curies":[{"name":"wp","href":"https:\/\/api.w.org\/{rel}","templated":true}]}}