{"id":48720,"date":"2023-05-18T07:12:27","date_gmt":"2023-05-18T05:12:27","guid":{"rendered":"https:\/\/www.ktjaeger.de\/produkt\/quick-connect-adapter-to-third-party-systems\/"},"modified":"2024-08-27T11:21:16","modified_gmt":"2024-08-27T09:21:16","slug":"adapter-quickconnect2-fremdsysteme","status":"publish","type":"product","link":"https:\/\/www.ktjaeger.de\/en\/produkt\/adapter-quickconnect2-fremdsysteme\/","title":{"rendered":"Quick Connect adapter to third-party systems"},"content":{"rendered":"<p>Sometimes due to emergency situations customers need to connect containers whose installed dip tubes do not match the existing dispense head installed at the dispense station in order to avoid a production shutdown.<\/p>\n<p>For these situations, we offer suitable adapters, e.g. to connect an Entegris dispense\/filling head with a Quick Connect dip tube or a Kodama dip tube with a Quick Connect dispense\/filling head.<\/p>\n","protected":false},"excerpt":{"rendered":"<p>Sometimes due to emergency situations customers need to connect containers whose installed dip tubes do not match the existing dispense head installed at the dispense station in order to avoid a production shutdown. For these situations, we offer suitable adapters, e.g. to connect an Entegris dispense\/filling head with a Quick Connect dip tube or a [&hellip;]<\/p>\n","protected":false},"featured_media":48628,"comment_status":"closed","ping_status":"closed","template":"","meta":{"_acf_changed":false,"_et_pb_use_builder":"","_et_pb_old_content":"","_et_gb_content_width":""},"product_brand":[],"product_cat":[78,55],"product_tag":[],"class_list":{"0":"post-48720","1":"product","2":"type-product","3":"status-publish","4":"has-post-thumbnail","6":"product_cat-quick-connect-2-adapter-en","7":"product_cat-accessories-for-external-systems","9":"first","10":"instock","11":"shipping-taxable","12":"product-type-simple"},"acf":[],"yoast_head":"<!-- This site is optimized with the Yoast SEO plugin v27.3 - https:\/\/yoast.com\/product\/yoast-seo-wordpress\/ -->\n<title>Quick Connect adapter to third-party systems | Kunststofftechnik J\u00e4ger GmbH<\/title>\n<meta name=\"robots\" content=\"index, follow, max-snippet:-1, max-image-preview:large, max-video-preview:-1\" \/>\n<link rel=\"canonical\" href=\"https:\/\/www.ktjaeger.de\/en\/produkt\/adapter-quickconnect2-fremdsysteme\/\" \/>\n<meta property=\"og:locale\" content=\"en_US\" \/>\n<meta property=\"og:type\" content=\"article\" \/>\n<meta property=\"og:title\" content=\"Quick Connect adapter to third-party systems | Kunststofftechnik J\u00e4ger GmbH\" \/>\n<meta property=\"og:description\" content=\"Sometimes due to emergency situations customers need to connect containers whose installed dip tubes do not match the existing dispense head installed at the dispense station in order to avoid a production shutdown. For these situations, we offer suitable adapters, e.g. to connect an Entegris dispense\/filling head with a Quick Connect dip tube or a [&hellip;]\" \/>\n<meta property=\"og:url\" content=\"https:\/\/www.ktjaeger.de\/en\/produkt\/adapter-quickconnect2-fremdsysteme\/\" \/>\n<meta property=\"og:site_name\" content=\"Kunststofftechnik J\u00e4ger GmbH\" \/>\n<meta property=\"article:modified_time\" content=\"2024-08-27T09:21:16+00:00\" \/>\n<meta property=\"og:image\" content=\"https:\/\/www.ktjaeger.de\/wp-content\/uploads\/2023\/05\/Adapter-Entegris.jpg\" \/>\n\t<meta property=\"og:image:width\" content=\"980\" \/>\n\t<meta property=\"og:image:height\" content=\"1307\" \/>\n\t<meta property=\"og:image:type\" content=\"image\/jpeg\" \/>\n<meta name=\"twitter:card\" content=\"summary_large_image\" \/>\n<meta name=\"twitter:label1\" content=\"Est. reading time\" \/>\n\t<meta name=\"twitter:data1\" content=\"1 minute\" \/>\n<script type=\"application\/ld+json\" class=\"yoast-schema-graph\">{\"@context\":\"https:\\\/\\\/schema.org\",\"@graph\":[{\"@type\":\"WebPage\",\"@id\":\"https:\\\/\\\/www.ktjaeger.de\\\/en\\\/produkt\\\/adapter-quickconnect2-fremdsysteme\\\/\",\"url\":\"https:\\\/\\\/www.ktjaeger.de\\\/en\\\/produkt\\\/adapter-quickconnect2-fremdsysteme\\\/\",\"name\":\"Quick Connect adapter to third-party systems | Kunststofftechnik J\u00e4ger GmbH\",\"isPartOf\":{\"@id\":\"https:\\\/\\\/www.ktjaeger.de\\\/#website\"},\"primaryImageOfPage\":{\"@id\":\"https:\\\/\\\/www.ktjaeger.de\\\/en\\\/produkt\\\/adapter-quickconnect2-fremdsysteme\\\/#primaryimage\"},\"image\":{\"@id\":\"https:\\\/\\\/www.ktjaeger.de\\\/en\\\/produkt\\\/adapter-quickconnect2-fremdsysteme\\\/#primaryimage\"},\"thumbnailUrl\":\"https:\\\/\\\/www.ktjaeger.de\\\/wp-content\\\/uploads\\\/2023\\\/05\\\/Adapter-Entegris.jpg\",\"datePublished\":\"2023-05-18T05:12:27+00:00\",\"dateModified\":\"2024-08-27T09:21:16+00:00\",\"breadcrumb\":{\"@id\":\"https:\\\/\\\/www.ktjaeger.de\\\/en\\\/produkt\\\/adapter-quickconnect2-fremdsysteme\\\/#breadcrumb\"},\"inLanguage\":\"en-US\",\"potentialAction\":[{\"@type\":\"ReadAction\",\"target\":[\"https:\\\/\\\/www.ktjaeger.de\\\/en\\\/produkt\\\/adapter-quickconnect2-fremdsysteme\\\/\"]}]},{\"@type\":\"ImageObject\",\"inLanguage\":\"en-US\",\"@id\":\"https:\\\/\\\/www.ktjaeger.de\\\/en\\\/produkt\\\/adapter-quickconnect2-fremdsysteme\\\/#primaryimage\",\"url\":\"https:\\\/\\\/www.ktjaeger.de\\\/wp-content\\\/uploads\\\/2023\\\/05\\\/Adapter-Entegris.jpg\",\"contentUrl\":\"https:\\\/\\\/www.ktjaeger.de\\\/wp-content\\\/uploads\\\/2023\\\/05\\\/Adapter-Entegris.jpg\",\"width\":980,\"height\":1307},{\"@type\":\"BreadcrumbList\",\"@id\":\"https:\\\/\\\/www.ktjaeger.de\\\/en\\\/produkt\\\/adapter-quickconnect2-fremdsysteme\\\/#breadcrumb\",\"itemListElement\":[{\"@type\":\"ListItem\",\"position\":1,\"name\":\"Home\",\"item\":\"https:\\\/\\\/www.ktjaeger.de\\\/en\\\/\"},{\"@type\":\"ListItem\",\"position\":2,\"name\":\"Products\",\"item\":\"https:\\\/\\\/www.ktjaeger.de\\\/en\\\/products\\\/\"},{\"@type\":\"ListItem\",\"position\":3,\"name\":\"Quick Connect 2 Adaptierung auf Fremdsysteme\",\"item\":\"https:\\\/\\\/www.ktjaeger.de\\\/produkt-kategorie\\\/quick-connect-2-adapter\\\/\"},{\"@type\":\"ListItem\",\"position\":4,\"name\":\"Quick Connect adapter to third-party systems\"}]},{\"@type\":\"WebSite\",\"@id\":\"https:\\\/\\\/www.ktjaeger.de\\\/#website\",\"url\":\"https:\\\/\\\/www.ktjaeger.de\\\/\",\"name\":\"Kunststofftechnik J\u00e4ger GmbH\",\"description\":\"Hochpr\u00e4zise Entnahmesysteme und Zubeh\u00f6r\",\"publisher\":{\"@id\":\"https:\\\/\\\/www.ktjaeger.de\\\/#organization\"},\"alternateName\":\"KTJ\",\"potentialAction\":[{\"@type\":\"SearchAction\",\"target\":{\"@type\":\"EntryPoint\",\"urlTemplate\":\"https:\\\/\\\/www.ktjaeger.de\\\/?s={search_term_string}\"},\"query-input\":{\"@type\":\"PropertyValueSpecification\",\"valueRequired\":true,\"valueName\":\"search_term_string\"}}],\"inLanguage\":\"en-US\"},{\"@type\":\"Organization\",\"@id\":\"https:\\\/\\\/www.ktjaeger.de\\\/#organization\",\"name\":\"Kunststofftechnik J\u00e4ger GmbH\",\"alternateName\":\"KTJ\",\"url\":\"https:\\\/\\\/www.ktjaeger.de\\\/\",\"logo\":{\"@type\":\"ImageObject\",\"inLanguage\":\"en-US\",\"@id\":\"https:\\\/\\\/www.ktjaeger.de\\\/#\\\/schema\\\/logo\\\/image\\\/\",\"url\":\"https:\\\/\\\/www.ktjaeger.de\\\/wp-content\\\/uploads\\\/2023\\\/05\\\/favicon.png\",\"contentUrl\":\"https:\\\/\\\/www.ktjaeger.de\\\/wp-content\\\/uploads\\\/2023\\\/05\\\/favicon.png\",\"width\":512,\"height\":512,\"caption\":\"Kunststofftechnik J\u00e4ger GmbH\"},\"image\":{\"@id\":\"https:\\\/\\\/www.ktjaeger.de\\\/#\\\/schema\\\/logo\\\/image\\\/\"},\"sameAs\":[\"https:\\\/\\\/www.linkedin.com\\\/company\\\/kunststofftechnik-j\u00e4ger-gmbh\\\/\"]}]}<\/script>\n<!-- \/ Yoast SEO plugin. -->","yoast_head_json":{"title":"Quick Connect adapter to third-party systems | Kunststofftechnik J\u00e4ger GmbH","robots":{"index":"index","follow":"follow","max-snippet":"max-snippet:-1","max-image-preview":"max-image-preview:large","max-video-preview":"max-video-preview:-1"},"canonical":"https:\/\/www.ktjaeger.de\/en\/produkt\/adapter-quickconnect2-fremdsysteme\/","og_locale":"en_US","og_type":"article","og_title":"Quick Connect adapter to third-party systems | Kunststofftechnik J\u00e4ger GmbH","og_description":"Sometimes due to emergency situations customers need to connect containers whose installed dip tubes do not match the existing dispense head installed at the dispense station in order to avoid a production shutdown. For these situations, we offer suitable adapters, e.g. to connect an Entegris dispense\/filling head with a Quick Connect dip tube or a [&hellip;]","og_url":"https:\/\/www.ktjaeger.de\/en\/produkt\/adapter-quickconnect2-fremdsysteme\/","og_site_name":"Kunststofftechnik J\u00e4ger GmbH","article_modified_time":"2024-08-27T09:21:16+00:00","og_image":[{"width":980,"height":1307,"url":"https:\/\/www.ktjaeger.de\/wp-content\/uploads\/2023\/05\/Adapter-Entegris.jpg","type":"image\/jpeg"}],"twitter_card":"summary_large_image","twitter_misc":{"Est. reading time":"1 minute"},"schema":{"@context":"https:\/\/schema.org","@graph":[{"@type":"WebPage","@id":"https:\/\/www.ktjaeger.de\/en\/produkt\/adapter-quickconnect2-fremdsysteme\/","url":"https:\/\/www.ktjaeger.de\/en\/produkt\/adapter-quickconnect2-fremdsysteme\/","name":"Quick Connect adapter to third-party systems | Kunststofftechnik J\u00e4ger GmbH","isPartOf":{"@id":"https:\/\/www.ktjaeger.de\/#website"},"primaryImageOfPage":{"@id":"https:\/\/www.ktjaeger.de\/en\/produkt\/adapter-quickconnect2-fremdsysteme\/#primaryimage"},"image":{"@id":"https:\/\/www.ktjaeger.de\/en\/produkt\/adapter-quickconnect2-fremdsysteme\/#primaryimage"},"thumbnailUrl":"https:\/\/www.ktjaeger.de\/wp-content\/uploads\/2023\/05\/Adapter-Entegris.jpg","datePublished":"2023-05-18T05:12:27+00:00","dateModified":"2024-08-27T09:21:16+00:00","breadcrumb":{"@id":"https:\/\/www.ktjaeger.de\/en\/produkt\/adapter-quickconnect2-fremdsysteme\/#breadcrumb"},"inLanguage":"en-US","potentialAction":[{"@type":"ReadAction","target":["https:\/\/www.ktjaeger.de\/en\/produkt\/adapter-quickconnect2-fremdsysteme\/"]}]},{"@type":"ImageObject","inLanguage":"en-US","@id":"https:\/\/www.ktjaeger.de\/en\/produkt\/adapter-quickconnect2-fremdsysteme\/#primaryimage","url":"https:\/\/www.ktjaeger.de\/wp-content\/uploads\/2023\/05\/Adapter-Entegris.jpg","contentUrl":"https:\/\/www.ktjaeger.de\/wp-content\/uploads\/2023\/05\/Adapter-Entegris.jpg","width":980,"height":1307},{"@type":"BreadcrumbList","@id":"https:\/\/www.ktjaeger.de\/en\/produkt\/adapter-quickconnect2-fremdsysteme\/#breadcrumb","itemListElement":[{"@type":"ListItem","position":1,"name":"Home","item":"https:\/\/www.ktjaeger.de\/en\/"},{"@type":"ListItem","position":2,"name":"Products","item":"https:\/\/www.ktjaeger.de\/en\/products\/"},{"@type":"ListItem","position":3,"name":"Quick Connect 2 Adaptierung auf Fremdsysteme","item":"https:\/\/www.ktjaeger.de\/produkt-kategorie\/quick-connect-2-adapter\/"},{"@type":"ListItem","position":4,"name":"Quick Connect adapter to third-party systems"}]},{"@type":"WebSite","@id":"https:\/\/www.ktjaeger.de\/#website","url":"https:\/\/www.ktjaeger.de\/","name":"Kunststofftechnik J\u00e4ger GmbH","description":"Hochpr\u00e4zise Entnahmesysteme und Zubeh\u00f6r","publisher":{"@id":"https:\/\/www.ktjaeger.de\/#organization"},"alternateName":"KTJ","potentialAction":[{"@type":"SearchAction","target":{"@type":"EntryPoint","urlTemplate":"https:\/\/www.ktjaeger.de\/?s={search_term_string}"},"query-input":{"@type":"PropertyValueSpecification","valueRequired":true,"valueName":"search_term_string"}}],"inLanguage":"en-US"},{"@type":"Organization","@id":"https:\/\/www.ktjaeger.de\/#organization","name":"Kunststofftechnik J\u00e4ger GmbH","alternateName":"KTJ","url":"https:\/\/www.ktjaeger.de\/","logo":{"@type":"ImageObject","inLanguage":"en-US","@id":"https:\/\/www.ktjaeger.de\/#\/schema\/logo\/image\/","url":"https:\/\/www.ktjaeger.de\/wp-content\/uploads\/2023\/05\/favicon.png","contentUrl":"https:\/\/www.ktjaeger.de\/wp-content\/uploads\/2023\/05\/favicon.png","width":512,"height":512,"caption":"Kunststofftechnik J\u00e4ger GmbH"},"image":{"@id":"https:\/\/www.ktjaeger.de\/#\/schema\/logo\/image\/"},"sameAs":["https:\/\/www.linkedin.com\/company\/kunststofftechnik-j\u00e4ger-gmbh\/"]}]}},"_links":{"self":[{"href":"https:\/\/www.ktjaeger.de\/en\/wp-json\/wp\/v2\/product\/48720","targetHints":{"allow":["GET"]}}],"collection":[{"href":"https:\/\/www.ktjaeger.de\/en\/wp-json\/wp\/v2\/product"}],"about":[{"href":"https:\/\/www.ktjaeger.de\/en\/wp-json\/wp\/v2\/types\/product"}],"replies":[{"embeddable":true,"href":"https:\/\/www.ktjaeger.de\/en\/wp-json\/wp\/v2\/comments?post=48720"}],"wp:featuredmedia":[{"embeddable":true,"href":"https:\/\/www.ktjaeger.de\/en\/wp-json\/wp\/v2\/media\/48628"}],"wp:attachment":[{"href":"https:\/\/www.ktjaeger.de\/en\/wp-json\/wp\/v2\/media?parent=48720"}],"wp:term":[{"taxonomy":"product_brand","embeddable":true,"href":"https:\/\/www.ktjaeger.de\/en\/wp-json\/wp\/v2\/product_brand?post=48720"},{"taxonomy":"product_cat","embeddable":true,"href":"https:\/\/www.ktjaeger.de\/en\/wp-json\/wp\/v2\/product_cat?post=48720"},{"taxonomy":"product_tag","embeddable":true,"href":"https:\/\/www.ktjaeger.de\/en\/wp-json\/wp\/v2\/product_tag?post=48720"}],"curies":[{"name":"wp","href":"https:\/\/api.w.org\/{rel}","templated":true}]}}