{"id":48710,"date":"2023-05-18T07:25:19","date_gmt":"2023-05-18T05:25:19","guid":{"rendered":"https:\/\/www.ktjaeger.de\/produkt\/quick-connect-drum-wrench\/"},"modified":"2025-05-19T17:12:35","modified_gmt":"2025-05-19T15:12:35","slug":"quickconnect2-barrel-key","status":"publish","type":"product","link":"https:\/\/www.ktjaeger.de\/en\/produkt\/quickconnect2-barrel-key\/","title":{"rendered":"Quick Connect Wrench Standard"},"content":{"rendered":"","protected":false},"excerpt":{"rendered":"","protected":false},"featured_media":48637,"comment_status":"closed","ping_status":"closed","template":"","meta":{"_acf_changed":false,"_et_pb_use_builder":"","_et_pb_old_content":"","_et_gb_content_width":""},"product_brand":[],"product_cat":[52],"product_tag":[],"class_list":{"0":"post-48710","1":"product","2":"type-product","3":"status-publish","4":"has-post-thumbnail","6":"product_cat-quick-connect-accessories","8":"first","9":"instock","10":"shipping-taxable","11":"product-type-simple"},"acf":[],"yoast_head":"<!-- This site is optimized with the Yoast SEO plugin v27.3 - https:\/\/yoast.com\/product\/yoast-seo-wordpress\/ -->\n<title>Quick Connect Wrench Standard | Kunststofftechnik J\u00e4ger GmbH<\/title>\n<meta name=\"robots\" content=\"index, follow, max-snippet:-1, max-image-preview:large, max-video-preview:-1\" \/>\n<link rel=\"canonical\" href=\"https:\/\/www.ktjaeger.de\/en\/produkt\/quickconnect2-barrel-key\/\" \/>\n<meta property=\"og:locale\" content=\"en_US\" \/>\n<meta property=\"og:type\" content=\"article\" \/>\n<meta property=\"og:title\" content=\"Quick Connect Wrench Standard | Kunststofftechnik J\u00e4ger GmbH\" \/>\n<meta property=\"og:url\" content=\"https:\/\/www.ktjaeger.de\/en\/produkt\/quickconnect2-barrel-key\/\" \/>\n<meta property=\"og:site_name\" content=\"Kunststofftechnik J\u00e4ger GmbH\" \/>\n<meta property=\"article:modified_time\" content=\"2025-05-19T15:12:35+00:00\" \/>\n<meta property=\"og:image\" content=\"https:\/\/www.ktjaeger.de\/wp-content\/uploads\/2023\/05\/Fassschluessel-Standard.jpg\" \/>\n\t<meta property=\"og:image:width\" content=\"640\" \/>\n\t<meta property=\"og:image:height\" content=\"565\" \/>\n\t<meta property=\"og:image:type\" content=\"image\/jpeg\" \/>\n<meta name=\"twitter:card\" content=\"summary_large_image\" \/>\n<script type=\"application\/ld+json\" class=\"yoast-schema-graph\">{\"@context\":\"https:\\\/\\\/schema.org\",\"@graph\":[{\"@type\":\"WebPage\",\"@id\":\"https:\\\/\\\/www.ktjaeger.de\\\/en\\\/produkt\\\/quickconnect2-barrel-key\\\/\",\"url\":\"https:\\\/\\\/www.ktjaeger.de\\\/en\\\/produkt\\\/quickconnect2-barrel-key\\\/\",\"name\":\"Quick Connect Wrench Standard | Kunststofftechnik J\u00e4ger GmbH\",\"isPartOf\":{\"@id\":\"https:\\\/\\\/www.ktjaeger.de\\\/#website\"},\"primaryImageOfPage\":{\"@id\":\"https:\\\/\\\/www.ktjaeger.de\\\/en\\\/produkt\\\/quickconnect2-barrel-key\\\/#primaryimage\"},\"image\":{\"@id\":\"https:\\\/\\\/www.ktjaeger.de\\\/en\\\/produkt\\\/quickconnect2-barrel-key\\\/#primaryimage\"},\"thumbnailUrl\":\"https:\\\/\\\/www.ktjaeger.de\\\/wp-content\\\/uploads\\\/2023\\\/05\\\/Fassschluessel-Standard.jpg\",\"datePublished\":\"2023-05-18T05:25:19+00:00\",\"dateModified\":\"2025-05-19T15:12:35+00:00\",\"breadcrumb\":{\"@id\":\"https:\\\/\\\/www.ktjaeger.de\\\/en\\\/produkt\\\/quickconnect2-barrel-key\\\/#breadcrumb\"},\"inLanguage\":\"en-US\",\"potentialAction\":[{\"@type\":\"ReadAction\",\"target\":[\"https:\\\/\\\/www.ktjaeger.de\\\/en\\\/produkt\\\/quickconnect2-barrel-key\\\/\"]}]},{\"@type\":\"ImageObject\",\"inLanguage\":\"en-US\",\"@id\":\"https:\\\/\\\/www.ktjaeger.de\\\/en\\\/produkt\\\/quickconnect2-barrel-key\\\/#primaryimage\",\"url\":\"https:\\\/\\\/www.ktjaeger.de\\\/wp-content\\\/uploads\\\/2023\\\/05\\\/Fassschluessel-Standard.jpg\",\"contentUrl\":\"https:\\\/\\\/www.ktjaeger.de\\\/wp-content\\\/uploads\\\/2023\\\/05\\\/Fassschluessel-Standard.jpg\",\"width\":640,\"height\":565},{\"@type\":\"BreadcrumbList\",\"@id\":\"https:\\\/\\\/www.ktjaeger.de\\\/en\\\/produkt\\\/quickconnect2-barrel-key\\\/#breadcrumb\",\"itemListElement\":[{\"@type\":\"ListItem\",\"position\":1,\"name\":\"Home\",\"item\":\"https:\\\/\\\/www.ktjaeger.de\\\/en\\\/\"},{\"@type\":\"ListItem\",\"position\":2,\"name\":\"Products\",\"item\":\"https:\\\/\\\/www.ktjaeger.de\\\/en\\\/products\\\/\"},{\"@type\":\"ListItem\",\"position\":3,\"name\":\"Quick Connect Accessories\",\"item\":\"https:\\\/\\\/www.ktjaeger.de\\\/en\\\/produkt-kategorie\\\/quick-connect-accessories\\\/\"},{\"@type\":\"ListItem\",\"position\":4,\"name\":\"Quick Connect Wrench Standard\"}]},{\"@type\":\"WebSite\",\"@id\":\"https:\\\/\\\/www.ktjaeger.de\\\/#website\",\"url\":\"https:\\\/\\\/www.ktjaeger.de\\\/\",\"name\":\"Kunststofftechnik J\u00e4ger GmbH\",\"description\":\"Hochpr\u00e4zise Entnahmesysteme und Zubeh\u00f6r\",\"publisher\":{\"@id\":\"https:\\\/\\\/www.ktjaeger.de\\\/#organization\"},\"alternateName\":\"KTJ\",\"potentialAction\":[{\"@type\":\"SearchAction\",\"target\":{\"@type\":\"EntryPoint\",\"urlTemplate\":\"https:\\\/\\\/www.ktjaeger.de\\\/?s={search_term_string}\"},\"query-input\":{\"@type\":\"PropertyValueSpecification\",\"valueRequired\":true,\"valueName\":\"search_term_string\"}}],\"inLanguage\":\"en-US\"},{\"@type\":\"Organization\",\"@id\":\"https:\\\/\\\/www.ktjaeger.de\\\/#organization\",\"name\":\"Kunststofftechnik J\u00e4ger GmbH\",\"alternateName\":\"KTJ\",\"url\":\"https:\\\/\\\/www.ktjaeger.de\\\/\",\"logo\":{\"@type\":\"ImageObject\",\"inLanguage\":\"en-US\",\"@id\":\"https:\\\/\\\/www.ktjaeger.de\\\/#\\\/schema\\\/logo\\\/image\\\/\",\"url\":\"https:\\\/\\\/www.ktjaeger.de\\\/wp-content\\\/uploads\\\/2023\\\/05\\\/favicon.png\",\"contentUrl\":\"https:\\\/\\\/www.ktjaeger.de\\\/wp-content\\\/uploads\\\/2023\\\/05\\\/favicon.png\",\"width\":512,\"height\":512,\"caption\":\"Kunststofftechnik J\u00e4ger GmbH\"},\"image\":{\"@id\":\"https:\\\/\\\/www.ktjaeger.de\\\/#\\\/schema\\\/logo\\\/image\\\/\"},\"sameAs\":[\"https:\\\/\\\/www.linkedin.com\\\/company\\\/kunststofftechnik-j\u00e4ger-gmbh\\\/\"]}]}<\/script>\n<!-- \/ Yoast SEO plugin. -->","yoast_head_json":{"title":"Quick Connect Wrench Standard | Kunststofftechnik J\u00e4ger GmbH","robots":{"index":"index","follow":"follow","max-snippet":"max-snippet:-1","max-image-preview":"max-image-preview:large","max-video-preview":"max-video-preview:-1"},"canonical":"https:\/\/www.ktjaeger.de\/en\/produkt\/quickconnect2-barrel-key\/","og_locale":"en_US","og_type":"article","og_title":"Quick Connect Wrench Standard | Kunststofftechnik J\u00e4ger GmbH","og_url":"https:\/\/www.ktjaeger.de\/en\/produkt\/quickconnect2-barrel-key\/","og_site_name":"Kunststofftechnik J\u00e4ger GmbH","article_modified_time":"2025-05-19T15:12:35+00:00","og_image":[{"width":640,"height":565,"url":"https:\/\/www.ktjaeger.de\/wp-content\/uploads\/2023\/05\/Fassschluessel-Standard.jpg","type":"image\/jpeg"}],"twitter_card":"summary_large_image","schema":{"@context":"https:\/\/schema.org","@graph":[{"@type":"WebPage","@id":"https:\/\/www.ktjaeger.de\/en\/produkt\/quickconnect2-barrel-key\/","url":"https:\/\/www.ktjaeger.de\/en\/produkt\/quickconnect2-barrel-key\/","name":"Quick Connect Wrench Standard | Kunststofftechnik J\u00e4ger GmbH","isPartOf":{"@id":"https:\/\/www.ktjaeger.de\/#website"},"primaryImageOfPage":{"@id":"https:\/\/www.ktjaeger.de\/en\/produkt\/quickconnect2-barrel-key\/#primaryimage"},"image":{"@id":"https:\/\/www.ktjaeger.de\/en\/produkt\/quickconnect2-barrel-key\/#primaryimage"},"thumbnailUrl":"https:\/\/www.ktjaeger.de\/wp-content\/uploads\/2023\/05\/Fassschluessel-Standard.jpg","datePublished":"2023-05-18T05:25:19+00:00","dateModified":"2025-05-19T15:12:35+00:00","breadcrumb":{"@id":"https:\/\/www.ktjaeger.de\/en\/produkt\/quickconnect2-barrel-key\/#breadcrumb"},"inLanguage":"en-US","potentialAction":[{"@type":"ReadAction","target":["https:\/\/www.ktjaeger.de\/en\/produkt\/quickconnect2-barrel-key\/"]}]},{"@type":"ImageObject","inLanguage":"en-US","@id":"https:\/\/www.ktjaeger.de\/en\/produkt\/quickconnect2-barrel-key\/#primaryimage","url":"https:\/\/www.ktjaeger.de\/wp-content\/uploads\/2023\/05\/Fassschluessel-Standard.jpg","contentUrl":"https:\/\/www.ktjaeger.de\/wp-content\/uploads\/2023\/05\/Fassschluessel-Standard.jpg","width":640,"height":565},{"@type":"BreadcrumbList","@id":"https:\/\/www.ktjaeger.de\/en\/produkt\/quickconnect2-barrel-key\/#breadcrumb","itemListElement":[{"@type":"ListItem","position":1,"name":"Home","item":"https:\/\/www.ktjaeger.de\/en\/"},{"@type":"ListItem","position":2,"name":"Products","item":"https:\/\/www.ktjaeger.de\/en\/products\/"},{"@type":"ListItem","position":3,"name":"Quick Connect Accessories","item":"https:\/\/www.ktjaeger.de\/en\/produkt-kategorie\/quick-connect-accessories\/"},{"@type":"ListItem","position":4,"name":"Quick Connect Wrench Standard"}]},{"@type":"WebSite","@id":"https:\/\/www.ktjaeger.de\/#website","url":"https:\/\/www.ktjaeger.de\/","name":"Kunststofftechnik J\u00e4ger GmbH","description":"Hochpr\u00e4zise Entnahmesysteme und Zubeh\u00f6r","publisher":{"@id":"https:\/\/www.ktjaeger.de\/#organization"},"alternateName":"KTJ","potentialAction":[{"@type":"SearchAction","target":{"@type":"EntryPoint","urlTemplate":"https:\/\/www.ktjaeger.de\/?s={search_term_string}"},"query-input":{"@type":"PropertyValueSpecification","valueRequired":true,"valueName":"search_term_string"}}],"inLanguage":"en-US"},{"@type":"Organization","@id":"https:\/\/www.ktjaeger.de\/#organization","name":"Kunststofftechnik J\u00e4ger GmbH","alternateName":"KTJ","url":"https:\/\/www.ktjaeger.de\/","logo":{"@type":"ImageObject","inLanguage":"en-US","@id":"https:\/\/www.ktjaeger.de\/#\/schema\/logo\/image\/","url":"https:\/\/www.ktjaeger.de\/wp-content\/uploads\/2023\/05\/favicon.png","contentUrl":"https:\/\/www.ktjaeger.de\/wp-content\/uploads\/2023\/05\/favicon.png","width":512,"height":512,"caption":"Kunststofftechnik J\u00e4ger GmbH"},"image":{"@id":"https:\/\/www.ktjaeger.de\/#\/schema\/logo\/image\/"},"sameAs":["https:\/\/www.linkedin.com\/company\/kunststofftechnik-j\u00e4ger-gmbh\/"]}]}},"_links":{"self":[{"href":"https:\/\/www.ktjaeger.de\/en\/wp-json\/wp\/v2\/product\/48710","targetHints":{"allow":["GET"]}}],"collection":[{"href":"https:\/\/www.ktjaeger.de\/en\/wp-json\/wp\/v2\/product"}],"about":[{"href":"https:\/\/www.ktjaeger.de\/en\/wp-json\/wp\/v2\/types\/product"}],"replies":[{"embeddable":true,"href":"https:\/\/www.ktjaeger.de\/en\/wp-json\/wp\/v2\/comments?post=48710"}],"wp:featuredmedia":[{"embeddable":true,"href":"https:\/\/www.ktjaeger.de\/en\/wp-json\/wp\/v2\/media\/48637"}],"wp:attachment":[{"href":"https:\/\/www.ktjaeger.de\/en\/wp-json\/wp\/v2\/media?parent=48710"}],"wp:term":[{"taxonomy":"product_brand","embeddable":true,"href":"https:\/\/www.ktjaeger.de\/en\/wp-json\/wp\/v2\/product_brand?post=48710"},{"taxonomy":"product_cat","embeddable":true,"href":"https:\/\/www.ktjaeger.de\/en\/wp-json\/wp\/v2\/product_cat?post=48710"},{"taxonomy":"product_tag","embeddable":true,"href":"https:\/\/www.ktjaeger.de\/en\/wp-json\/wp\/v2\/product_tag?post=48710"}],"curies":[{"name":"wp","href":"https:\/\/api.w.org\/{rel}","templated":true}]}}