{"id":48685,"date":"2023-05-03T10:41:54","date_gmt":"2023-05-03T08:41:54","guid":{"rendered":"https:\/\/www.ktjaeger.de\/support\/"},"modified":"2024-11-19T14:39:42","modified_gmt":"2024-11-19T13:39:42","slug":"support","status":"publish","type":"page","link":"https:\/\/www.ktjaeger.de\/en\/support\/","title":{"rendered":"Support"},"content":{"rendered":"<p>[et_pb_section fb_built=&#8221;1&#8243; custom_padding_last_edited=&#8221;on|tablet&#8221; admin_label=&#8221;section&#8221; _builder_version=&#8221;4.20.4&#8243; use_background_color_gradient=&#8221;on&#8221; background_color_gradient_stops=&#8221;rgba(0,0,0,0.39) 0%|rgba(0,0,0,0.39) 100%&#8221; background_color_gradient_overlays_image=&#8221;on&#8221; background_image=&#8221;https:\/\/www.ktjaeger.de\/wp-content\/uploads\/2023\/05\/section-bg-04.jpg&#8221; custom_padding=&#8221;120px||120px||true|false&#8221; custom_padding_tablet=&#8221;80px||80px||true|false&#8221; custom_padding_phone=&#8221;50px||50px||true|false&#8221; da_disable_devices=&#8221;off|off|off&#8221; global_colors_info=&#8221;{}&#8221; da_is_popup=&#8221;off&#8221; da_exit_intent=&#8221;off&#8221; da_has_close=&#8221;on&#8221; da_alt_close=&#8221;off&#8221; da_dark_close=&#8221;off&#8221; da_not_modal=&#8221;on&#8221; da_is_singular=&#8221;off&#8221; da_with_loader=&#8221;off&#8221; da_has_shadow=&#8221;on&#8221;][et_pb_row admin_label=&#8221;row&#8221; _builder_version=&#8221;4.20.4&#8243; background_size=&#8221;initial&#8221; background_position=&#8221;top_left&#8221; background_repeat=&#8221;repeat&#8221; custom_padding=&#8221;0px||0px||true|false&#8221; global_colors_info=&#8221;{}&#8221;][et_pb_column type=&#8221;4_4&#8243; _builder_version=&#8221;4.20.4&#8243; custom_padding=&#8221;|||&#8221; global_colors_info=&#8221;{}&#8221; custom_padding__hover=&#8221;|||&#8221; custom_css_main_element_last_edited=&#8221;off|desktop&#8221; custom_css_main_element_phone=&#8221;display: block;&#8221; custom_css_main_element_tablet=&#8221;display: flex;||flex-wrap: wrap;||justify-content: flex-start;||gap: 0 20px;&#8221;][et_pb_text admin_label=&#8221;Text&#8221; _builder_version=&#8221;4.20.4&#8243; header_font=&#8221;|||on|||||&#8221; header_text_color=&#8221;#FFFFFF&#8221; header_font_size=&#8221;1em&#8221; header_line_height=&#8221;1.4em&#8221; background_size=&#8221;initial&#8221; background_position=&#8221;top_left&#8221; background_repeat=&#8221;repeat&#8221; width=&#8221;100%&#8221; width_tablet=&#8221;100%&#8221; width_phone=&#8221;100%&#8221; width_last_edited=&#8221;on|tablet&#8221; custom_margin=&#8221;||0px||false|false&#8221; custom_css_main_element=&#8221;font-size: clamp(30px,5vw,68px);&#8221; global_colors_info=&#8221;{}&#8221;]<\/p>\n<h1>Support<\/h1>\n<p>[\/et_pb_text][\/et_pb_column][\/et_pb_row][\/et_pb_section][et_pb_section fb_built=&#8221;1&#8243; custom_padding_last_edited=&#8221;on|phone&#8221; admin_label=&#8221;section&#8221; _builder_version=&#8221;4.20.4&#8243; background_color=&#8221;#f4f4f4&#8243; custom_padding=&#8221;120px||120px||false|false&#8221; custom_padding_tablet=&#8221;80px||80px||false|false&#8221; custom_padding_phone=&#8221;50px||50px||false|false&#8221; da_disable_devices=&#8221;off|off|off&#8221; global_colors_info=&#8221;{}&#8221; da_is_popup=&#8221;off&#8221; da_exit_intent=&#8221;off&#8221; da_has_close=&#8221;on&#8221; da_alt_close=&#8221;off&#8221; da_dark_close=&#8221;off&#8221; da_not_modal=&#8221;on&#8221; da_is_singular=&#8221;off&#8221; da_with_loader=&#8221;off&#8221; da_has_shadow=&#8221;on&#8221;][et_pb_row column_structure=&#8221;2_3,1_3&#8243; use_custom_gutter=&#8221;on&#8221; gutter_width=&#8221;4&#8243; _builder_version=&#8221;4.20.4&#8243; _module_preset=&#8221;default&#8221; custom_margin=&#8221;||100px||false|false&#8221; custom_margin_tablet=&#8221;||60px||false|false&#8221; custom_margin_phone=&#8221;||50px||false|false&#8221; custom_margin_last_edited=&#8221;on|tablet&#8221; custom_padding=&#8221;0px||0px||true|false&#8221; global_colors_info=&#8221;{}&#8221;][et_pb_column type=&#8221;2_3&#8243; _builder_version=&#8221;4.20.4&#8243; _module_preset=&#8221;default&#8221; global_colors_info=&#8221;{}&#8221;][et_pb_text _builder_version=&#8221;4.20.4&#8243; _module_preset=&#8221;default&#8221; text_line_height=&#8221;1.6em&#8221; global_colors_info=&#8221;{}&#8221;]<\/p>\n<p>With our services, we start at decisive interfaces with our customers: Components with Quick Connect systems and dip tubes for use in chemical processing are of immense importance. These elements ensure that clean, precise and safe work can be carried out in factories and processing companies &#8211; even when handling volatile substances and hazardous materials. This places the highest demands on the material and product quality of the components. <\/p>\n<p>We are aware of this responsibility. Therefore, our service does not end with the delivery of high-quality Quick Connect components, but includes long-term care and high-performance support. Our customers can count on our competent advice and expert support when problems arise. <\/p>\n<p>[\/et_pb_text][\/et_pb_column][et_pb_column type=&#8221;1_3&#8243; _builder_version=&#8221;4.20.4&#8243; _module_preset=&#8221;default&#8221; background_color=&#8221;#FFFFFF&#8221; custom_padding=&#8221;30px|30px|30px|30px|true|true&#8221; global_colors_info=&#8221;{}&#8221;][et_pb_text _builder_version=&#8221;4.20.4&#8243; _module_preset=&#8221;default&#8221; header_2_font=&#8221;Roboto||||||||&#8221; header_2_text_color=&#8221;#666666&#8243; header_2_font_size=&#8221;22px&#8221; header_2_line_height=&#8221;1.3em&#8221; custom_margin=&#8221;||20px||false|false&#8221; custom_padding=&#8221;||15px||false|false&#8221; border_color_all=&#8221;#cccccc&#8221; border_width_bottom=&#8221;1px&#8221; global_colors_info=&#8221;{}&#8221;]<\/p>\n<h2>Service contact<\/h2>\n<p>[\/et_pb_text][et_pb_blurb image=&#8221;https:\/\/www.ktjaeger.de\/wp-content\/uploads\/2023\/05\/phone.svg&#8221; icon_placement=&#8221;left&#8221; image_icon_width=&#8221;19px&#8221; content_max_width=&#8221;1100px&#8221; _builder_version=&#8221;4.20.4&#8243; _module_preset=&#8221;default&#8221; body_text_color=&#8221;#666666&#8243; body_line_height=&#8221;1.4em&#8221; custom_margin=&#8221;||15px|-6px|false|false&#8221; animation=&#8221;off&#8221; link_option_url=&#8221;tel:+495309970930&#8243; custom_css_blurb_image=&#8221;position: relative;||top: 3px;&#8221; custom_css_blurb_content=&#8221;margin-left: 0;&#8221; global_colors_info=&#8221;{}&#8221; body_text_color__hover_enabled=&#8221;on|hover&#8221; body_text_color__hover=&#8221;#000000&#8243;]+49 (0) 5309 97093-0[\/et_pb_blurb][et_pb_blurb image=&#8221;https:\/\/www.ktjaeger.de\/wp-content\/uploads\/2023\/05\/Printer.svg&#8221; icon_placement=&#8221;left&#8221; image_icon_width=&#8221;19px&#8221; content_max_width=&#8221;1100px&#8221; _builder_version=&#8221;4.20.4&#8243; _module_preset=&#8221;default&#8221; body_text_color=&#8221;#666666&#8243; body_line_height=&#8221;1.4em&#8221; custom_margin=&#8221;||15px|-6px|false|false&#8221; animation=&#8221;off&#8221; custom_css_blurb_image=&#8221;position: relative;||top: 3px;&#8221; custom_css_blurb_content=&#8221;margin-left: 0;&#8221; global_colors_info=&#8221;{}&#8221; body_text_color__hover_enabled=&#8221;off|desktop&#8221; body_text_color__hover=&#8221;#000000&#8243;]<\/p>\n<p>+49 (0) 5309 97093-12<\/p>\n<p>[\/et_pb_blurb][et_pb_blurb image=&#8221;https:\/\/www.ktjaeger.de\/wp-content\/uploads\/2023\/05\/mail.svg&#8221; icon_placement=&#8221;left&#8221; image_icon_width=&#8221;19px&#8221; content_max_width=&#8221;1100px&#8221; _builder_version=&#8221;4.22.1&#8243; _module_preset=&#8221;default&#8221; body_text_color=&#8221;#666666&#8243; body_line_height=&#8221;1.4em&#8221; custom_margin=&#8221;|||-6px|false|false&#8221; animation=&#8221;off&#8221; link_option_url=&#8221;mailto:info@ktjaeger.com&#8221; hover_enabled=&#8221;0&#8243; custom_css_blurb_image=&#8221;position: relative;||top: 3px;&#8221; custom_css_blurb_content=&#8221;margin-left: 0;&#8221; global_colors_info=&#8221;{}&#8221; body_text_color__hover_enabled=&#8221;on|hover&#8221; body_text_color__hover=&#8221;#000000&#8243; sticky_enabled=&#8221;0&#8243;]<\/p>\n<p>info@ktjaeger.com<\/p>\n<p>[\/et_pb_blurb][et_pb_button button_url=&#8221;@ET-DC@eyJkeW5hbWljIjp0cnVlLCJjb250ZW50IjoicG9zdF9saW5rX3VybF9wYWdlIiwic2V0dGluZ3MiOnsicG9zdF9pZCI6IjU2In19@&#8221; button_text=&#8221;Write message&#8221; button_alignment=&#8221;center&#8221; _builder_version=&#8221;4.20.4&#8243; _dynamic_attributes=&#8221;button_url&#8221; _module_preset=&#8221;default&#8221; custom_margin=&#8221;30px||||false|false&#8221; custom_padding=&#8221;14px|32px|14px|32px|true|true&#8221; custom_css_main_element=&#8221;width: 100%;&#8221; global_colors_info=&#8221;{}&#8221;][\/et_pb_button][\/et_pb_column][\/et_pb_row][et_pb_row custom_padding_last_edited=&#8221;on|phone&#8221; _builder_version=&#8221;4.20.4&#8243; _module_preset=&#8221;default&#8221; background_color=&#8221;#FFFFFF&#8221; module_alignment=&#8221;center&#8221; custom_padding=&#8221;50px||50px||true|false&#8221; custom_padding_tablet=&#8221;40px|30px|40px|30px|true|true&#8221; custom_padding_phone=&#8221;30px|30px|30px|30px|true|true&#8221; custom_css_main_element=&#8221;display: flex;&#8221; global_colors_info=&#8221;{}&#8221;][et_pb_column type=&#8221;4_4&#8243; module_id=&#8221;icon-blurbs-row&#8221; _builder_version=&#8221;4.20.4&#8243; _module_preset=&#8221;default&#8221; custom_css_main_element=&#8221;display: flex;||flex-direction: row;||justify-content: space-between;||flex-wrap: wrap;||gap: 20px;||max-width: 860px;||margin: 0 auto!important;&#8221; global_colors_info=&#8221;{}&#8221; custom_css_main_element_last_edited=&#8221;on|phone&#8221; custom_css_main_element_phone=&#8221;display: flex;||flex-direction: row;||justify-content: center;||flex-wrap: wrap;||gap: 20px;&#8221; custom_css_main_element_tablet=&#8221;display: flex;||flex-direction: row;||justify-content: space-between;||flex-wrap: wrap;||gap: 20px;||max-width: 860px;||margin: 0 auto!important;&#8221;][et_pb_blurb image=&#8221;https:\/\/www.ktjaeger.de\/wp-content\/uploads\/2023\/05\/contact-mail-icon.svg&#8221; image_icon_width=&#8221;60px&#8221; content_max_width=&#8221;1100px&#8221; _builder_version=&#8221;4.20.4&#8243; _module_preset=&#8221;default&#8221; body_text_align=&#8221;center&#8221; body_text_color=&#8221;#2e2e30&#8243; body_line_height=&#8221;1.6em&#8221; custom_margin=&#8221;||0px||false|false&#8221; animation=&#8221;off&#8221; custom_css_blurb_image=&#8221;margin-bottom: 10px;&#8221; custom_css_blurb_content=&#8221;margin-left: 0;&#8221; global_colors_info=&#8221;{}&#8221;]Fixed contact persons[\/et_pb_blurb][et_pb_blurb image=&#8221;https:\/\/www.ktjaeger.de\/wp-content\/uploads\/2023\/05\/email-icon.svg&#8221; image_icon_width=&#8221;60px&#8221; content_max_width=&#8221;1100px&#8221; _builder_version=&#8221;4.20.4&#8243; _module_preset=&#8221;default&#8221; body_text_align=&#8221;center&#8221; body_text_color=&#8221;#2e2e30&#8243; body_line_height=&#8221;1.6em&#8221; custom_margin=&#8221;||0px||false|false&#8221; animation=&#8221;off&#8221; custom_css_blurb_image=&#8221;margin-bottom: 10px;&#8221; custom_css_blurb_content=&#8221;margin-left: 0;&#8221; global_colors_info=&#8221;{}&#8221;]Fast response times[\/et_pb_blurb][et_pb_blurb image=&#8221;https:\/\/www.ktjaeger.de\/wp-content\/uploads\/2023\/05\/telephone-icon.svg&#8221; image_icon_width=&#8221;60px&#8221; content_max_width=&#8221;1100px&#8221; _builder_version=&#8221;4.20.4&#8243; _module_preset=&#8221;default&#8221; body_text_align=&#8221;center&#8221; body_text_color=&#8221;#2e2e30&#8243; body_line_height=&#8221;1.6em&#8221; custom_margin=&#8221;||0px||false|false&#8221; animation=&#8221;off&#8221; custom_css_blurb_image=&#8221;margin-bottom: 10px;&#8221; custom_css_blurb_content=&#8221;margin-left: 0;&#8221; global_colors_info=&#8221;{}&#8221;]Constant accessibility[\/et_pb_blurb][\/et_pb_column][\/et_pb_row][\/et_pb_section]<\/p>\n","protected":false},"excerpt":{"rendered":"<p>SupportWith our services, we start at decisive interfaces with our customers: Components with Quick Connect systems and dip tubes for use in chemical processing are of immense importance. These elements ensure that clean, precise and safe work can be carried out in factories and processing companies &#8211; even when handling volatile substances and hazardous materials. [&hellip;]<\/p>\n","protected":false},"author":1,"featured_media":0,"parent":0,"menu_order":0,"comment_status":"closed","ping_status":"closed","template":"","meta":{"_acf_changed":false,"_et_pb_use_builder":"on","_et_pb_old_content":"","_et_gb_content_width":"","footnotes":""},"class_list":["post-48685","page","type-page","status-publish","hentry"],"acf":[],"yoast_head":"<!-- This site is optimized with the Yoast SEO plugin v27.3 - https:\/\/yoast.com\/product\/yoast-seo-wordpress\/ -->\n<title>Support<\/title>\n<meta name=\"robots\" content=\"index, follow, max-snippet:-1, max-image-preview:large, max-video-preview:-1\" \/>\n<link rel=\"canonical\" href=\"https:\/\/www.ktjaeger.de\/en\/support\/\" \/>\n<meta property=\"og:locale\" content=\"en_US\" \/>\n<meta property=\"og:type\" content=\"article\" \/>\n<meta property=\"og:title\" content=\"Support\" \/>\n<meta property=\"og:url\" content=\"https:\/\/www.ktjaeger.de\/en\/support\/\" \/>\n<meta property=\"og:site_name\" content=\"Kunststofftechnik J\u00e4ger GmbH\" \/>\n<meta property=\"article:modified_time\" content=\"2024-11-19T13:39:42+00:00\" \/>\n<meta property=\"og:image\" content=\"https:\/\/www.ktjaeger.de\/wp-content\/uploads\/2026\/03\/Quick-Connect.jpg\" \/>\n\t<meta property=\"og:image:width\" content=\"1896\" \/>\n\t<meta property=\"og:image:height\" content=\"1028\" \/>\n\t<meta property=\"og:image:type\" content=\"image\/jpeg\" \/>\n<meta name=\"twitter:card\" content=\"summary_large_image\" \/>\n<meta name=\"twitter:label1\" content=\"Est. reading time\" \/>\n\t<meta name=\"twitter:data1\" content=\"6 minutes\" \/>\n<script type=\"application\/ld+json\" class=\"yoast-schema-graph\">{\"@context\":\"https:\\\/\\\/schema.org\",\"@graph\":[{\"@type\":\"WebPage\",\"@id\":\"https:\\\/\\\/www.ktjaeger.de\\\/en\\\/support\\\/\",\"url\":\"https:\\\/\\\/www.ktjaeger.de\\\/en\\\/support\\\/\",\"name\":\"Support\",\"isPartOf\":{\"@id\":\"https:\\\/\\\/www.ktjaeger.de\\\/#website\"},\"datePublished\":\"2023-05-03T08:41:54+00:00\",\"dateModified\":\"2024-11-19T13:39:42+00:00\",\"breadcrumb\":{\"@id\":\"https:\\\/\\\/www.ktjaeger.de\\\/en\\\/support\\\/#breadcrumb\"},\"inLanguage\":\"en-US\",\"potentialAction\":[{\"@type\":\"ReadAction\",\"target\":[\"https:\\\/\\\/www.ktjaeger.de\\\/en\\\/support\\\/\"]}]},{\"@type\":\"BreadcrumbList\",\"@id\":\"https:\\\/\\\/www.ktjaeger.de\\\/en\\\/support\\\/#breadcrumb\",\"itemListElement\":[{\"@type\":\"ListItem\",\"position\":1,\"name\":\"Home\",\"item\":\"https:\\\/\\\/www.ktjaeger.de\\\/en\\\/\"},{\"@type\":\"ListItem\",\"position\":2,\"name\":\"Support\"}]},{\"@type\":\"WebSite\",\"@id\":\"https:\\\/\\\/www.ktjaeger.de\\\/#website\",\"url\":\"https:\\\/\\\/www.ktjaeger.de\\\/\",\"name\":\"Kunststofftechnik J\u00e4ger GmbH\",\"description\":\"Hochpr\u00e4zise Entnahmesysteme und Zubeh\u00f6r\",\"publisher\":{\"@id\":\"https:\\\/\\\/www.ktjaeger.de\\\/#organization\"},\"alternateName\":\"KTJ\",\"potentialAction\":[{\"@type\":\"SearchAction\",\"target\":{\"@type\":\"EntryPoint\",\"urlTemplate\":\"https:\\\/\\\/www.ktjaeger.de\\\/?s={search_term_string}\"},\"query-input\":{\"@type\":\"PropertyValueSpecification\",\"valueRequired\":true,\"valueName\":\"search_term_string\"}}],\"inLanguage\":\"en-US\"},{\"@type\":\"Organization\",\"@id\":\"https:\\\/\\\/www.ktjaeger.de\\\/#organization\",\"name\":\"Kunststofftechnik J\u00e4ger GmbH\",\"alternateName\":\"KTJ\",\"url\":\"https:\\\/\\\/www.ktjaeger.de\\\/\",\"logo\":{\"@type\":\"ImageObject\",\"inLanguage\":\"en-US\",\"@id\":\"https:\\\/\\\/www.ktjaeger.de\\\/#\\\/schema\\\/logo\\\/image\\\/\",\"url\":\"https:\\\/\\\/www.ktjaeger.de\\\/wp-content\\\/uploads\\\/2023\\\/05\\\/favicon.png\",\"contentUrl\":\"https:\\\/\\\/www.ktjaeger.de\\\/wp-content\\\/uploads\\\/2023\\\/05\\\/favicon.png\",\"width\":512,\"height\":512,\"caption\":\"Kunststofftechnik J\u00e4ger GmbH\"},\"image\":{\"@id\":\"https:\\\/\\\/www.ktjaeger.de\\\/#\\\/schema\\\/logo\\\/image\\\/\"},\"sameAs\":[\"https:\\\/\\\/www.linkedin.com\\\/company\\\/kunststofftechnik-j\u00e4ger-gmbh\\\/\"]}]}<\/script>\n<!-- \/ Yoast SEO plugin. -->","yoast_head_json":{"title":"Support","robots":{"index":"index","follow":"follow","max-snippet":"max-snippet:-1","max-image-preview":"max-image-preview:large","max-video-preview":"max-video-preview:-1"},"canonical":"https:\/\/www.ktjaeger.de\/en\/support\/","og_locale":"en_US","og_type":"article","og_title":"Support","og_url":"https:\/\/www.ktjaeger.de\/en\/support\/","og_site_name":"Kunststofftechnik J\u00e4ger GmbH","article_modified_time":"2024-11-19T13:39:42+00:00","og_image":[{"width":1896,"height":1028,"url":"https:\/\/www.ktjaeger.de\/wp-content\/uploads\/2026\/03\/Quick-Connect.jpg","type":"image\/jpeg"}],"twitter_card":"summary_large_image","twitter_misc":{"Est. reading time":"6 minutes"},"schema":{"@context":"https:\/\/schema.org","@graph":[{"@type":"WebPage","@id":"https:\/\/www.ktjaeger.de\/en\/support\/","url":"https:\/\/www.ktjaeger.de\/en\/support\/","name":"Support","isPartOf":{"@id":"https:\/\/www.ktjaeger.de\/#website"},"datePublished":"2023-05-03T08:41:54+00:00","dateModified":"2024-11-19T13:39:42+00:00","breadcrumb":{"@id":"https:\/\/www.ktjaeger.de\/en\/support\/#breadcrumb"},"inLanguage":"en-US","potentialAction":[{"@type":"ReadAction","target":["https:\/\/www.ktjaeger.de\/en\/support\/"]}]},{"@type":"BreadcrumbList","@id":"https:\/\/www.ktjaeger.de\/en\/support\/#breadcrumb","itemListElement":[{"@type":"ListItem","position":1,"name":"Home","item":"https:\/\/www.ktjaeger.de\/en\/"},{"@type":"ListItem","position":2,"name":"Support"}]},{"@type":"WebSite","@id":"https:\/\/www.ktjaeger.de\/#website","url":"https:\/\/www.ktjaeger.de\/","name":"Kunststofftechnik J\u00e4ger GmbH","description":"Hochpr\u00e4zise Entnahmesysteme und Zubeh\u00f6r","publisher":{"@id":"https:\/\/www.ktjaeger.de\/#organization"},"alternateName":"KTJ","potentialAction":[{"@type":"SearchAction","target":{"@type":"EntryPoint","urlTemplate":"https:\/\/www.ktjaeger.de\/?s={search_term_string}"},"query-input":{"@type":"PropertyValueSpecification","valueRequired":true,"valueName":"search_term_string"}}],"inLanguage":"en-US"},{"@type":"Organization","@id":"https:\/\/www.ktjaeger.de\/#organization","name":"Kunststofftechnik J\u00e4ger GmbH","alternateName":"KTJ","url":"https:\/\/www.ktjaeger.de\/","logo":{"@type":"ImageObject","inLanguage":"en-US","@id":"https:\/\/www.ktjaeger.de\/#\/schema\/logo\/image\/","url":"https:\/\/www.ktjaeger.de\/wp-content\/uploads\/2023\/05\/favicon.png","contentUrl":"https:\/\/www.ktjaeger.de\/wp-content\/uploads\/2023\/05\/favicon.png","width":512,"height":512,"caption":"Kunststofftechnik J\u00e4ger GmbH"},"image":{"@id":"https:\/\/www.ktjaeger.de\/#\/schema\/logo\/image\/"},"sameAs":["https:\/\/www.linkedin.com\/company\/kunststofftechnik-j\u00e4ger-gmbh\/"]}]}},"_links":{"self":[{"href":"https:\/\/www.ktjaeger.de\/en\/wp-json\/wp\/v2\/pages\/48685","targetHints":{"allow":["GET"]}}],"collection":[{"href":"https:\/\/www.ktjaeger.de\/en\/wp-json\/wp\/v2\/pages"}],"about":[{"href":"https:\/\/www.ktjaeger.de\/en\/wp-json\/wp\/v2\/types\/page"}],"author":[{"embeddable":true,"href":"https:\/\/www.ktjaeger.de\/en\/wp-json\/wp\/v2\/users\/1"}],"replies":[{"embeddable":true,"href":"https:\/\/www.ktjaeger.de\/en\/wp-json\/wp\/v2\/comments?post=48685"}],"version-history":[{"count":6,"href":"https:\/\/www.ktjaeger.de\/en\/wp-json\/wp\/v2\/pages\/48685\/revisions"}],"predecessor-version":[{"id":49496,"href":"https:\/\/www.ktjaeger.de\/en\/wp-json\/wp\/v2\/pages\/48685\/revisions\/49496"}],"wp:attachment":[{"href":"https:\/\/www.ktjaeger.de\/en\/wp-json\/wp\/v2\/media?parent=48685"}],"curies":[{"name":"wp","href":"https:\/\/api.w.org\/{rel}","templated":true}]}}